{"id":619,"date":"2016-11-09T22:50:43","date_gmt":"2016-11-09T22:50:43","guid":{"rendered":"https:\/\/ainvest.com.mk\/?page_id=619"},"modified":"2023-11-20T00:06:51","modified_gmt":"2023-11-20T00:06:51","slug":"home-2","status":"publish","type":"page","link":"https:\/\/ainvest.com.mk\/index.php\/sq\/home-2\/","title":{"rendered":"Home"},"content":{"rendered":"\t\t<div data-elementor-type=\"wp-page\" data-elementor-id=\"619\" class=\"elementor elementor-619\">\n\t\t\t\t\t\t\t\t\t<section class=\"elementor-section elementor-top-section elementor-element elementor-element-cig4q6x elementor-section-height-min-height elementor-section-boxed elementor-section-height-default elementor-section-items-middle\" data-id=\"cig4q6x\" data-element_type=\"section\" data-settings=\"{&quot;background_background&quot;:&quot;slideshow&quot;,&quot;background_slideshow_gallery&quot;:[{&quot;id&quot;:1042,&quot;url&quot;:&quot;https:\\\/\\\/ainvest.com.mk\\\/wp-content\\\/uploads\\\/2021\\\/06\\\/DSC_2971.jpg&quot;},{&quot;id&quot;:1043,&quot;url&quot;:&quot;https:\\\/\\\/ainvest.com.mk\\\/wp-content\\\/uploads\\\/2021\\\/06\\\/DSC_3007.jpg&quot;},{&quot;id&quot;:1046,&quot;url&quot;:&quot;https:\\\/\\\/ainvest.com.mk\\\/wp-content\\\/uploads\\\/2021\\\/06\\\/DSC_3029.jpg&quot;}],&quot;background_slideshow_slide_transition&quot;:&quot;slide_left&quot;,&quot;background_slideshow_slide_duration&quot;:3000,&quot;background_slideshow_loop&quot;:&quot;yes&quot;,&quot;background_slideshow_transition_duration&quot;:500}\">\n\t\t\t\t\t\t\t<div class=\"elementor-background-overlay\"><\/div>\n\t\t\t\t\t\t\t<div class=\"elementor-container elementor-column-gap-default\">\n\t\t\t\t\t<div class=\"elementor-column elementor-col-100 elementor-top-column elementor-element elementor-element-55cy4ji\" data-id=\"55cy4ji\" data-element_type=\"column\">\n\t\t\t<div class=\"elementor-widget-wrap elementor-element-populated\">\n\t\t\t\t\t\t\t\t<div class=\"elementor-element elementor-element-yod5c4k elementor-widget elementor-widget-heading\" data-id=\"yod5c4k\" data-element_type=\"widget\" data-widget_type=\"heading.default\">\n\t\t\t\t<div class=\"elementor-widget-container\">\n\t\t\t<h2 class=\"elementor-heading-title elementor-size-default\">MIR\u00cb SE VINI N\u00cb WEB FAQEN TON\u00cb !<\/h2>\t\t<\/div>\n\t\t\t\t<\/div>\n\t\t\t\t\t<\/div>\n\t\t<\/div>\n\t\t\t\t\t\t\t<\/div>\n\t\t<\/section>\n\t\t\t\t<section class=\"elementor-section elementor-top-section elementor-element elementor-element-f39d019 elementor-section-boxed elementor-section-height-default elementor-section-height-default elementor-invisible\" data-id=\"f39d019\" data-element_type=\"section\" data-settings=\"{&quot;background_background&quot;:&quot;slideshow&quot;,&quot;animation&quot;:&quot;bounceInUp&quot;,&quot;background_slideshow_gallery&quot;:[],&quot;background_slideshow_loop&quot;:&quot;yes&quot;,&quot;background_slideshow_slide_duration&quot;:5000,&quot;background_slideshow_slide_transition&quot;:&quot;fade&quot;,&quot;background_slideshow_transition_duration&quot;:500}\">\n\t\t\t\t\t\t<div class=\"elementor-container elementor-column-gap-default\">\n\t\t\t\t\t<div class=\"elementor-column elementor-col-100 elementor-top-column elementor-element elementor-element-bbb8b11\" data-id=\"bbb8b11\" data-element_type=\"column\">\n\t\t\t<div class=\"elementor-widget-wrap elementor-element-populated\">\n\t\t\t\t\t\t\t\t<div class=\"elementor-element elementor-element-ff72356 elementor-invisible elementor-widget elementor-widget-text-editor\" data-id=\"ff72356\" data-element_type=\"widget\" data-settings=\"{&quot;_animation&quot;:&quot;bounceIn&quot;}\" data-widget_type=\"text-editor.default\">\n\t\t\t\t<div class=\"elementor-widget-container\">\n\t\t\t\t\t\t\t<section class=\"elementor-section elementor-top-section elementor-element elementor-element-1f02cfc elementor-section-boxed elementor-section-height-default elementor-section-height-default animated bounceInUp\" data-id=\"1f02cfc\" data-element_type=\"section\" data-settings=\"{&quot;background_background&quot;:&quot;slideshow&quot;,&quot;animation&quot;:&quot;bounceInUp&quot;,&quot;background_slideshow_gallery&quot;:[],&quot;background_slideshow_loop&quot;:&quot;yes&quot;,&quot;background_slideshow_slide_duration&quot;:5000,&quot;background_slideshow_slide_transition&quot;:&quot;fade&quot;,&quot;background_slideshow_transition_duration&quot;:500}\"><div class=\"elementor-container elementor-column-gap-default\"><div class=\"elementor-column elementor-col-100 elementor-top-column elementor-element elementor-element-bde7617\" data-id=\"bde7617\" data-element_type=\"column\"><div class=\"elementor-widget-wrap elementor-element-populated\"><div class=\"elementor-element elementor-element-bb68faa elementor-widget elementor-widget-text-editor animated bounceIn\" data-id=\"bb68faa\" data-element_type=\"widget\" data-settings=\"{&quot;_animation&quot;:&quot;bounceIn&quot;}\" data-widget_type=\"text-editor.default\"><div class=\"elementor-widget-container\"><p>Pse duhet t\u00eb jeni partneri yn\u00eb?<\/p><\/div><\/div><\/div><\/div><\/div><\/section>\t\t\t\t\t\t<\/div>\n\t\t\t\t<\/div>\n\t\t\t\t\t<\/div>\n\t\t<\/div>\n\t\t\t\t\t\t\t<\/div>\n\t\t<\/section>\n\t\t\t\t<section class=\"elementor-section elementor-top-section elementor-element elementor-element-542585f elementor-section-boxed elementor-section-height-default elementor-section-height-default elementor-invisible\" data-id=\"542585f\" data-element_type=\"section\" data-settings=\"{&quot;background_background&quot;:&quot;slideshow&quot;,&quot;animation&quot;:&quot;bounceInUp&quot;,&quot;background_slideshow_gallery&quot;:[],&quot;background_slideshow_loop&quot;:&quot;yes&quot;,&quot;background_slideshow_slide_duration&quot;:5000,&quot;background_slideshow_slide_transition&quot;:&quot;fade&quot;,&quot;background_slideshow_transition_duration&quot;:500}\">\n\t\t\t\t\t\t<div class=\"elementor-container elementor-column-gap-default\">\n\t\t\t\t\t<div class=\"elementor-column elementor-col-25 elementor-top-column elementor-element elementor-element-a021ad4\" data-id=\"a021ad4\" data-element_type=\"column\">\n\t\t\t<div class=\"elementor-widget-wrap elementor-element-populated\">\n\t\t\t\t\t\t\t\t<div class=\"elementor-element elementor-element-3896cf9 elementor-view-default elementor-position-top elementor-mobile-position-top elementor-invisible elementor-widget elementor-widget-icon-box\" data-id=\"3896cf9\" data-element_type=\"widget\" data-settings=\"{&quot;_animation&quot;:&quot;bounceIn&quot;}\" data-widget_type=\"icon-box.default\">\n\t\t\t\t<div class=\"elementor-widget-container\">\n\t\t\t\t\t<div class=\"elementor-icon-box-wrapper\">\n\t\t\t\t\t\t<div class=\"elementor-icon-box-icon\">\n\t\t\t\t<span  class=\"elementor-icon elementor-animation-\">\n\t\t\t\t<i aria-hidden=\"true\" class=\"fas fa-globe-europe\"><\/i>\t\t\t\t<\/span>\n\t\t\t<\/div>\n\t\t\t\t\t\t<div class=\"elementor-icon-box-content\">\n\t\t\t\t<h3 class=\"elementor-icon-box-title\">\n\t\t\t\t\t<span  >\n\t\t\t\t\t\tEkspertiz\u00eb Globale\t\t\t\t\t<\/span>\n\t\t\t\t<\/h3>\n\t\t\t\t\t\t\t<\/div>\n\t\t<\/div>\n\t\t\t\t<\/div>\n\t\t\t\t<\/div>\n\t\t\t\t\t<\/div>\n\t\t<\/div>\n\t\t\t\t<div class=\"elementor-column elementor-col-25 elementor-top-column elementor-element elementor-element-7e3419c\" data-id=\"7e3419c\" data-element_type=\"column\">\n\t\t\t<div class=\"elementor-widget-wrap elementor-element-populated\">\n\t\t\t\t\t\t\t\t<div class=\"elementor-element elementor-element-2b365ad elementor-view-default elementor-position-top elementor-mobile-position-top elementor-invisible elementor-widget elementor-widget-icon-box\" data-id=\"2b365ad\" data-element_type=\"widget\" data-settings=\"{&quot;_animation&quot;:&quot;bounceIn&quot;}\" data-widget_type=\"icon-box.default\">\n\t\t\t\t<div class=\"elementor-widget-container\">\n\t\t\t\t\t<div class=\"elementor-icon-box-wrapper\">\n\t\t\t\t\t\t<div class=\"elementor-icon-box-icon\">\n\t\t\t\t<span  class=\"elementor-icon elementor-animation-\">\n\t\t\t\t<i aria-hidden=\"true\" class=\"fas fa-coins\"><\/i>\t\t\t\t<\/span>\n\t\t\t<\/div>\n\t\t\t\t\t\t<div class=\"elementor-icon-box-content\">\n\t\t\t\t<h3 class=\"elementor-icon-box-title\">\n\t\t\t\t\t<span  >\n\t\t\t\t\t\tEfikasitet\t\t\t\t\t<\/span>\n\t\t\t\t<\/h3>\n\t\t\t\t\t\t\t<\/div>\n\t\t<\/div>\n\t\t\t\t<\/div>\n\t\t\t\t<\/div>\n\t\t\t\t\t<\/div>\n\t\t<\/div>\n\t\t\t\t<div class=\"elementor-column elementor-col-25 elementor-top-column elementor-element elementor-element-cc0c9d3\" data-id=\"cc0c9d3\" data-element_type=\"column\">\n\t\t\t<div class=\"elementor-widget-wrap elementor-element-populated\">\n\t\t\t\t\t\t\t\t<div class=\"elementor-element elementor-element-4d00ed5 elementor-view-default elementor-position-top elementor-mobile-position-top elementor-invisible elementor-widget elementor-widget-icon-box\" data-id=\"4d00ed5\" data-element_type=\"widget\" data-settings=\"{&quot;_animation&quot;:&quot;bounceIn&quot;}\" data-widget_type=\"icon-box.default\">\n\t\t\t\t<div class=\"elementor-widget-container\">\n\t\t\t\t\t<div class=\"elementor-icon-box-wrapper\">\n\t\t\t\t\t\t<div class=\"elementor-icon-box-icon\">\n\t\t\t\t<span  class=\"elementor-icon elementor-animation-\">\n\t\t\t\t<i aria-hidden=\"true\" class=\"fas fa-arrows-alt\"><\/i>\t\t\t\t<\/span>\n\t\t\t<\/div>\n\t\t\t\t\t\t<div class=\"elementor-icon-box-content\">\n\t\t\t\t<h3 class=\"elementor-icon-box-title\">\n\t\t\t\t\t<span  >\n\t\t\t\t\t\tFleksibilitet\t\t\t\t\t<\/span>\n\t\t\t\t<\/h3>\n\t\t\t\t\t\t\t<\/div>\n\t\t<\/div>\n\t\t\t\t<\/div>\n\t\t\t\t<\/div>\n\t\t\t\t\t<\/div>\n\t\t<\/div>\n\t\t\t\t<div class=\"elementor-column elementor-col-25 elementor-top-column elementor-element elementor-element-9599bc2\" data-id=\"9599bc2\" data-element_type=\"column\">\n\t\t\t<div class=\"elementor-widget-wrap elementor-element-populated\">\n\t\t\t\t\t\t\t\t<div class=\"elementor-element elementor-element-e0305a7 elementor-view-default elementor-position-top elementor-mobile-position-top elementor-invisible elementor-widget elementor-widget-icon-box\" data-id=\"e0305a7\" data-element_type=\"widget\" data-settings=\"{&quot;_animation&quot;:&quot;bounceIn&quot;}\" data-widget_type=\"icon-box.default\">\n\t\t\t\t<div class=\"elementor-widget-container\">\n\t\t\t\t\t<div class=\"elementor-icon-box-wrapper\">\n\t\t\t\t\t\t<div class=\"elementor-icon-box-icon\">\n\t\t\t\t<span  class=\"elementor-icon elementor-animation-\">\n\t\t\t\t<i aria-hidden=\"true\" class=\"far fa-eye\"><\/i>\t\t\t\t<\/span>\n\t\t\t<\/div>\n\t\t\t\t\t\t<div class=\"elementor-icon-box-content\">\n\t\t\t\t<h3 class=\"elementor-icon-box-title\">\n\t\t\t\t\t<span  >\n\t\t\t\t\t\tDituri rreth konsumatorit\t\t\t\t\t<\/span>\n\t\t\t\t<\/h3>\n\t\t\t\t\t\t\t<\/div>\n\t\t<\/div>\n\t\t\t\t<\/div>\n\t\t\t\t<\/div>\n\t\t\t\t\t<\/div>\n\t\t<\/div>\n\t\t\t\t\t\t\t<\/div>\n\t\t<\/section>\n\t\t\t\t<section class=\"elementor-section elementor-top-section elementor-element elementor-element-9b89a04 elementor-section-boxed elementor-section-height-default elementor-section-height-default\" data-id=\"9b89a04\" data-element_type=\"section\">\n\t\t\t\t\t\t<div class=\"elementor-container elementor-column-gap-default\">\n\t\t\t\t\t<div class=\"elementor-column elementor-col-100 elementor-top-column elementor-element elementor-element-30a4a41\" data-id=\"30a4a41\" data-element_type=\"column\">\n\t\t\t<div class=\"elementor-widget-wrap elementor-element-populated\">\n\t\t\t\t\t\t\t\t<div class=\"elementor-element elementor-element-892a1d4 elementor-invisible elementor-widget elementor-widget-testimonial\" data-id=\"892a1d4\" data-element_type=\"widget\" data-settings=\"{&quot;_animation&quot;:&quot;zoomIn&quot;}\" data-widget_type=\"testimonial.default\">\n\t\t\t\t<div class=\"elementor-widget-container\">\n\t\t\t\t\t<div class=\"elementor-testimonial-wrapper\">\n\t\t\t\t\t\t\t<div class=\"elementor-testimonial-content\">Zyra p\u00ebrfaq\u00ebsuese e A-Invest n\u00eb Maqedoni t\u00eb veriut p\u00ebr m\u00eb shum\u00eb se 24 vjet ofron sh\u00ebrbime me cil\u00ebsi t\u00eb lart\u00eb n\u00eb fush\u00ebn e shp\u00ebrndarjes, logjistik\u00ebs dhe menaxhimit t\u00eb mark\u00ebs p\u00ebr marka me fam\u00eb nd\u00ebrkomb\u00ebtare t\u00eb produkteve t\u00eb ndryshme. Partner\u00ebt tan\u00eb afatgjat\u00eb jan\u00eb kompani nd\u00ebrkomb\u00ebtare me t\u00eb cilat bashk\u00ebrisht p\u00ebrpiqemi t\u00eb nd\u00ebrtojm\u00eb marr\u00ebdh\u00ebnie afatgjata, por mbi t\u00eb gjitha cil\u00ebsore, p\u00ebr shkak t\u00eb t\u00eb cilave t\u00eb gjitha k\u00ebto kompani na kan\u00eb besuar markat e tyre t\u00eb njohura. A-invest \u00ebsht\u00eb kompania e duhur q\u00eb plot\u00ebson m\u00eb mir\u00eb nevojat e partner\u00ebve tan\u00eb t\u00eb biznesit me nj\u00eb ofert\u00eb t\u00eb larmishme t\u00eb produkteve, sh\u00ebrbimeve, fleksibilitetit dhe ekspertiz\u00ebs lokale.\u200b<\/div>\n\t\t\t\n\t\t\t\t\t<\/div>\n\t\t\t\t<\/div>\n\t\t\t\t<\/div>\n\t\t\t\t\t<\/div>\n\t\t<\/div>\n\t\t\t\t\t\t\t<\/div>\n\t\t<\/section>\n\t\t\t\t<section class=\"elementor-section elementor-top-section elementor-element elementor-element-01faf8d elementor-section-boxed elementor-section-height-default elementor-section-height-default elementor-invisible\" data-id=\"01faf8d\" data-element_type=\"section\" data-settings=\"{&quot;background_background&quot;:&quot;slideshow&quot;,&quot;background_slideshow_gallery&quot;:[{&quot;id&quot;:359,&quot;url&quot;:&quot;https:\\\/\\\/ainvest.com.mk\\\/wp-content\\\/uploads\\\/2021\\\/05\\\/pexels-tiger-lily-4481259.jpg&quot;},{&quot;id&quot;:358,&quot;url&quot;:&quot;https:\\\/\\\/ainvest.com.mk\\\/wp-content\\\/uploads\\\/2021\\\/05\\\/pexels-elevate-1267338.jpg&quot;},{&quot;id&quot;:357,&quot;url&quot;:&quot;https:\\\/\\\/ainvest.com.mk\\\/wp-content\\\/uploads\\\/2021\\\/05\\\/pexels-craig-adderley-1543924.jpg&quot;},{&quot;id&quot;:356,&quot;url&quot;:&quot;https:\\\/\\\/ainvest.com.mk\\\/wp-content\\\/uploads\\\/2021\\\/05\\\/pexels-cleyder-duque-3821385.jpg&quot;}],&quot;animation&quot;:&quot;bounceInUp&quot;,&quot;background_slideshow_loop&quot;:&quot;yes&quot;,&quot;background_slideshow_slide_duration&quot;:5000,&quot;background_slideshow_slide_transition&quot;:&quot;fade&quot;,&quot;background_slideshow_transition_duration&quot;:500}\">\n\t\t\t\t\t\t\t<div class=\"elementor-background-overlay\"><\/div>\n\t\t\t\t\t\t\t<div class=\"elementor-container elementor-column-gap-default\">\n\t\t\t\t\t<div class=\"elementor-column elementor-col-33 elementor-top-column elementor-element elementor-element-52b3f96\" data-id=\"52b3f96\" data-element_type=\"column\">\n\t\t\t<div class=\"elementor-widget-wrap elementor-element-populated\">\n\t\t\t\t\t\t\t\t<div class=\"elementor-element elementor-element-a7973d9 elementor-invisible elementor-widget elementor-widget-image\" data-id=\"a7973d9\" data-element_type=\"widget\" data-settings=\"{&quot;_animation&quot;:&quot;bounceInLeft&quot;}\" data-widget_type=\"image.default\">\n\t\t\t\t<div class=\"elementor-widget-container\">\n\t\t\t\t\t\t\t\t\t\t\t\t\t\t\t\t<a href=\"https:\/\/ainvest.com.mk\/\">\n\t\t\t\t\t\t\t<img loading=\"lazy\" decoding=\"async\" width=\"164\" height=\"45\" src=\"https:\/\/ainvest.com.mk\/wp-content\/uploads\/2021\/05\/cropped-aaa.png\" class=\"attachment-large size-large wp-image-661\" alt=\"\" \/>\t\t\t\t\t\t\t\t<\/a>\n\t\t\t\t\t\t\t\t\t\t\t\t\t\t\t<\/div>\n\t\t\t\t<\/div>\n\t\t\t\t\t<\/div>\n\t\t<\/div>\n\t\t\t\t<div class=\"elementor-column elementor-col-33 elementor-top-column elementor-element elementor-element-85c3023\" data-id=\"85c3023\" data-element_type=\"column\">\n\t\t\t<div class=\"elementor-widget-wrap elementor-element-populated\">\n\t\t\t\t\t\t\t\t<div class=\"elementor-element elementor-element-e1ae4fa elementor-widget elementor-widget-counter\" data-id=\"e1ae4fa\" data-element_type=\"widget\" data-widget_type=\"counter.default\">\n\t\t\t\t<div class=\"elementor-widget-container\">\n\t\t\t\t\t<div class=\"elementor-counter\">\n\t\t\t<div class=\"elementor-counter-number-wrapper\">\n\t\t\t\t<span class=\"elementor-counter-number-prefix\"><\/span>\n\t\t\t\t<span class=\"elementor-counter-number\" data-duration=\"2000\" data-to-value=\"24\" data-from-value=\"0\" data-delimiter=\",\">0<\/span>\n\t\t\t\t<span class=\"elementor-counter-number-suffix\"><\/span>\n\t\t\t<\/div>\n\t\t\t\t\t\t\t<div class=\"elementor-counter-title\">Vite<\/div>\n\t\t\t\t\t<\/div>\n\t\t\t\t<\/div>\n\t\t\t\t<\/div>\n\t\t\t\t\t<\/div>\n\t\t<\/div>\n\t\t\t\t<div class=\"elementor-column elementor-col-33 elementor-top-column elementor-element elementor-element-a583ef7\" data-id=\"a583ef7\" data-element_type=\"column\">\n\t\t\t<div class=\"elementor-widget-wrap elementor-element-populated\">\n\t\t\t\t\t\t\t\t<div class=\"elementor-element elementor-element-cb7a2a6 elementor-widget elementor-widget-counter\" data-id=\"cb7a2a6\" data-element_type=\"widget\" data-widget_type=\"counter.default\">\n\t\t\t\t<div class=\"elementor-widget-container\">\n\t\t\t\t\t<div class=\"elementor-counter\">\n\t\t\t<div class=\"elementor-counter-number-wrapper\">\n\t\t\t\t<span class=\"elementor-counter-number-prefix\"><\/span>\n\t\t\t\t<span class=\"elementor-counter-number\" data-duration=\"2000\" data-to-value=\"13\" data-from-value=\"0\" data-delimiter=\",\">0<\/span>\n\t\t\t\t<span class=\"elementor-counter-number-suffix\"><\/span>\n\t\t\t<\/div>\n\t\t\t\t\t\t\t<div class=\"elementor-counter-title\">Brende<\/div>\n\t\t\t\t\t<\/div>\n\t\t\t\t<\/div>\n\t\t\t\t<\/div>\n\t\t\t\t\t<\/div>\n\t\t<\/div>\n\t\t\t\t\t\t\t<\/div>\n\t\t<\/section>\n\t\t\t\t\t\t\t<\/div>\n\t\t","protected":false},"excerpt":{"rendered":"<p>MIR\u00cb SE VINI N\u00cb WEB FAQEN TON\u00cb ! Pse duhet t\u00eb jeni partneri yn\u00eb? Ekspertiz\u00eb Globale Efikasitet Fleksibilitet Dituri rreth konsumatorit Zyra p\u00ebrfaq\u00ebsuese e A-Invest n\u00eb Maqedoni t\u00eb veriut p\u00ebr m\u00eb shum\u00eb se 24 vjet ofron sh\u00ebrbime me cil\u00ebsi t\u00eb lart\u00eb n\u00eb fush\u00ebn e shp\u00ebrndarjes, logjistik\u00ebs dhe menaxhimit t\u00eb mark\u00ebs p\u00ebr marka me fam\u00eb nd\u00ebrkomb\u00ebtare [&hellip;]<\/p>\n","protected":false},"author":1,"featured_media":0,"parent":0,"menu_order":0,"comment_status":"closed","ping_status":"closed","template":"","meta":{"footnotes":""},"class_list":["post-619","page","type-page","status-publish","hentry","entry"],"yoast_head":"<!-- This site is optimized with the Yoast SEO plugin v21.5 - https:\/\/yoast.com\/wordpress\/plugins\/seo\/ -->\n<title>Home - Ainvest<\/title>\n<meta name=\"robots\" content=\"index, follow, max-snippet:-1, max-image-preview:large, max-video-preview:-1\" \/>\n<link rel=\"canonical\" href=\"https:\/\/ainvest.com.mk\/index.php\/sq\/home-2\/\" \/>\n<meta property=\"og:locale\" content=\"en_US\" \/>\n<meta property=\"og:type\" content=\"article\" \/>\n<meta property=\"og:title\" content=\"Home - Ainvest\" \/>\n<meta property=\"og:description\" content=\"MIR\u00cb SE VINI N\u00cb WEB FAQEN TON\u00cb ! Pse duhet t\u00eb jeni partneri yn\u00eb? Ekspertiz\u00eb Globale Efikasitet Fleksibilitet Dituri rreth konsumatorit Zyra p\u00ebrfaq\u00ebsuese e A-Invest n\u00eb Maqedoni t\u00eb veriut p\u00ebr m\u00eb shum\u00eb se 24 vjet ofron sh\u00ebrbime me cil\u00ebsi t\u00eb lart\u00eb n\u00eb fush\u00ebn e shp\u00ebrndarjes, logjistik\u00ebs dhe menaxhimit t\u00eb mark\u00ebs p\u00ebr marka me fam\u00eb nd\u00ebrkomb\u00ebtare [&hellip;]\" \/>\n<meta property=\"og:url\" content=\"https:\/\/ainvest.com.mk\/index.php\/sq\/home-2\/\" \/>\n<meta property=\"og:site_name\" content=\"Ainvest\" \/>\n<meta property=\"article:modified_time\" content=\"2023-11-20T00:06:51+00:00\" \/>\n<meta property=\"og:image\" content=\"https:\/\/ainvest.com.mk\/wp-content\/uploads\/2021\/05\/cropped-aaa.png\" \/>\n<meta name=\"twitter:card\" content=\"summary_large_image\" \/>\n<meta name=\"twitter:label1\" content=\"Est. reading time\" \/>\n\t<meta name=\"twitter:data1\" content=\"1 minute\" \/>\n<script type=\"application\/ld+json\" class=\"yoast-schema-graph\">{\"@context\":\"https:\/\/schema.org\",\"@graph\":[{\"@type\":\"WebPage\",\"@id\":\"https:\/\/ainvest.com.mk\/index.php\/sq\/home-2\/\",\"url\":\"https:\/\/ainvest.com.mk\/index.php\/sq\/home-2\/\",\"name\":\"Home - Ainvest\",\"isPartOf\":{\"@id\":\"https:\/\/ainvest.com.mk\/#website\"},\"datePublished\":\"2016-11-09T22:50:43+00:00\",\"dateModified\":\"2023-11-20T00:06:51+00:00\",\"breadcrumb\":{\"@id\":\"https:\/\/ainvest.com.mk\/index.php\/sq\/home-2\/#breadcrumb\"},\"inLanguage\":\"en-US\",\"potentialAction\":[{\"@type\":\"ReadAction\",\"target\":[\"https:\/\/ainvest.com.mk\/index.php\/sq\/home-2\/\"]}]},{\"@type\":\"BreadcrumbList\",\"@id\":\"https:\/\/ainvest.com.mk\/index.php\/sq\/home-2\/#breadcrumb\",\"itemListElement\":[{\"@type\":\"ListItem\",\"position\":1,\"name\":\"Home\",\"item\":\"https:\/\/ainvest.com.mk\/\"},{\"@type\":\"ListItem\",\"position\":2,\"name\":\"Home\"}]},{\"@type\":\"WebSite\",\"@id\":\"https:\/\/ainvest.com.mk\/#website\",\"url\":\"https:\/\/ainvest.com.mk\/\",\"name\":\"Ainvest\",\"description\":\"\u0434\u0438\u0441\u0442\u0440\u0438\u0431\u0443\u0446\u0438\u0458\u0430, \u043b\u043e\u0433\u0438\u0441\u0442\u0438\u043a\u0430 \u0438 \u0431\u0440\u0435\u043d\u0434 \u043c\u0435\u043d\u0430\u045f\u043c\u0435\u043d\u0442\",\"publisher\":{\"@id\":\"https:\/\/ainvest.com.mk\/#organization\"},\"potentialAction\":[{\"@type\":\"SearchAction\",\"target\":{\"@type\":\"EntryPoint\",\"urlTemplate\":\"https:\/\/ainvest.com.mk\/?s={search_term_string}\"},\"query-input\":\"required name=search_term_string\"}],\"inLanguage\":\"en-US\"},{\"@type\":\"Organization\",\"@id\":\"https:\/\/ainvest.com.mk\/#organization\",\"name\":\"Ainvest\",\"url\":\"https:\/\/ainvest.com.mk\/\",\"logo\":{\"@type\":\"ImageObject\",\"inLanguage\":\"en-US\",\"@id\":\"https:\/\/ainvest.com.mk\/#\/schema\/logo\/image\/\",\"url\":\"https:\/\/ainvest.com.mk\/wp-content\/uploads\/2021\/06\/Logo.png\",\"contentUrl\":\"https:\/\/ainvest.com.mk\/wp-content\/uploads\/2021\/06\/Logo.png\",\"width\":165,\"height\":45,\"caption\":\"Ainvest\"},\"image\":{\"@id\":\"https:\/\/ainvest.com.mk\/#\/schema\/logo\/image\/\"}}]}<\/script>\n<!-- \/ Yoast SEO plugin. -->","yoast_head_json":{"title":"Home - Ainvest","robots":{"index":"index","follow":"follow","max-snippet":"max-snippet:-1","max-image-preview":"max-image-preview:large","max-video-preview":"max-video-preview:-1"},"canonical":"https:\/\/ainvest.com.mk\/index.php\/sq\/home-2\/","og_locale":"en_US","og_type":"article","og_title":"Home - Ainvest","og_description":"MIR\u00cb SE VINI N\u00cb WEB FAQEN TON\u00cb ! Pse duhet t\u00eb jeni partneri yn\u00eb? Ekspertiz\u00eb Globale Efikasitet Fleksibilitet Dituri rreth konsumatorit Zyra p\u00ebrfaq\u00ebsuese e A-Invest n\u00eb Maqedoni t\u00eb veriut p\u00ebr m\u00eb shum\u00eb se 24 vjet ofron sh\u00ebrbime me cil\u00ebsi t\u00eb lart\u00eb n\u00eb fush\u00ebn e shp\u00ebrndarjes, logjistik\u00ebs dhe menaxhimit t\u00eb mark\u00ebs p\u00ebr marka me fam\u00eb nd\u00ebrkomb\u00ebtare [&hellip;]","og_url":"https:\/\/ainvest.com.mk\/index.php\/sq\/home-2\/","og_site_name":"Ainvest","article_modified_time":"2023-11-20T00:06:51+00:00","og_image":[{"url":"https:\/\/ainvest.com.mk\/wp-content\/uploads\/2021\/05\/cropped-aaa.png"}],"twitter_card":"summary_large_image","twitter_misc":{"Est. reading time":"1 minute"},"schema":{"@context":"https:\/\/schema.org","@graph":[{"@type":"WebPage","@id":"https:\/\/ainvest.com.mk\/index.php\/sq\/home-2\/","url":"https:\/\/ainvest.com.mk\/index.php\/sq\/home-2\/","name":"Home - Ainvest","isPartOf":{"@id":"https:\/\/ainvest.com.mk\/#website"},"datePublished":"2016-11-09T22:50:43+00:00","dateModified":"2023-11-20T00:06:51+00:00","breadcrumb":{"@id":"https:\/\/ainvest.com.mk\/index.php\/sq\/home-2\/#breadcrumb"},"inLanguage":"en-US","potentialAction":[{"@type":"ReadAction","target":["https:\/\/ainvest.com.mk\/index.php\/sq\/home-2\/"]}]},{"@type":"BreadcrumbList","@id":"https:\/\/ainvest.com.mk\/index.php\/sq\/home-2\/#breadcrumb","itemListElement":[{"@type":"ListItem","position":1,"name":"Home","item":"https:\/\/ainvest.com.mk\/"},{"@type":"ListItem","position":2,"name":"Home"}]},{"@type":"WebSite","@id":"https:\/\/ainvest.com.mk\/#website","url":"https:\/\/ainvest.com.mk\/","name":"Ainvest","description":"\u0434\u0438\u0441\u0442\u0440\u0438\u0431\u0443\u0446\u0438\u0458\u0430, \u043b\u043e\u0433\u0438\u0441\u0442\u0438\u043a\u0430 \u0438 \u0431\u0440\u0435\u043d\u0434 \u043c\u0435\u043d\u0430\u045f\u043c\u0435\u043d\u0442","publisher":{"@id":"https:\/\/ainvest.com.mk\/#organization"},"potentialAction":[{"@type":"SearchAction","target":{"@type":"EntryPoint","urlTemplate":"https:\/\/ainvest.com.mk\/?s={search_term_string}"},"query-input":"required name=search_term_string"}],"inLanguage":"en-US"},{"@type":"Organization","@id":"https:\/\/ainvest.com.mk\/#organization","name":"Ainvest","url":"https:\/\/ainvest.com.mk\/","logo":{"@type":"ImageObject","inLanguage":"en-US","@id":"https:\/\/ainvest.com.mk\/#\/schema\/logo\/image\/","url":"https:\/\/ainvest.com.mk\/wp-content\/uploads\/2021\/06\/Logo.png","contentUrl":"https:\/\/ainvest.com.mk\/wp-content\/uploads\/2021\/06\/Logo.png","width":165,"height":45,"caption":"Ainvest"},"image":{"@id":"https:\/\/ainvest.com.mk\/#\/schema\/logo\/image\/"}}]}},"_links":{"self":[{"href":"https:\/\/ainvest.com.mk\/index.php\/wp-json\/wp\/v2\/pages\/619","targetHints":{"allow":["GET"]}}],"collection":[{"href":"https:\/\/ainvest.com.mk\/index.php\/wp-json\/wp\/v2\/pages"}],"about":[{"href":"https:\/\/ainvest.com.mk\/index.php\/wp-json\/wp\/v2\/types\/page"}],"author":[{"embeddable":true,"href":"https:\/\/ainvest.com.mk\/index.php\/wp-json\/wp\/v2\/users\/1"}],"replies":[{"embeddable":true,"href":"https:\/\/ainvest.com.mk\/index.php\/wp-json\/wp\/v2\/comments?post=619"}],"version-history":[{"count":58,"href":"https:\/\/ainvest.com.mk\/index.php\/wp-json\/wp\/v2\/pages\/619\/revisions"}],"predecessor-version":[{"id":1530,"href":"https:\/\/ainvest.com.mk\/index.php\/wp-json\/wp\/v2\/pages\/619\/revisions\/1530"}],"wp:attachment":[{"href":"https:\/\/ainvest.com.mk\/index.php\/wp-json\/wp\/v2\/media?parent=619"}],"curies":[{"name":"wp","href":"https:\/\/api.w.org\/{rel}","templated":true}]}}