{"id":1133,"date":"2021-06-13T21:34:00","date_gmt":"2021-06-13T21:34:00","guid":{"rendered":"https:\/\/ainvest.com.mk\/?page_id=1133"},"modified":"2023-11-19T23:34:18","modified_gmt":"2023-11-19T23:34:18","slug":"burimet-njerezore","status":"publish","type":"page","link":"https:\/\/ainvest.com.mk\/index.php\/sq\/burimet-njerezore\/","title":{"rendered":"Burimet Njer\u00ebzore"},"content":{"rendered":"\t\t<div data-elementor-type=\"wp-page\" data-elementor-id=\"1133\" class=\"elementor elementor-1133\">\n\t\t\t\t\t\t\t\t\t<section class=\"elementor-section elementor-top-section elementor-element elementor-element-72b1423a elementor-section-boxed elementor-section-height-default elementor-section-height-default\" data-id=\"72b1423a\" data-element_type=\"section\" data-settings=\"{&quot;background_background&quot;:&quot;classic&quot;}\">\n\t\t\t\t\t\t\t<div class=\"elementor-background-overlay\"><\/div>\n\t\t\t\t\t\t\t<div class=\"elementor-container elementor-column-gap-default\">\n\t\t\t\t\t<div class=\"elementor-column elementor-col-50 elementor-top-column elementor-element elementor-element-1be07062\" data-id=\"1be07062\" data-element_type=\"column\">\n\t\t\t<div class=\"elementor-widget-wrap elementor-element-populated\">\n\t\t\t\t\t\t\t\t<div class=\"elementor-element elementor-element-57f23d4 elementor-invisible elementor-widget elementor-widget-text-editor\" data-id=\"57f23d4\" data-element_type=\"widget\" data-settings=\"{&quot;_animation&quot;:&quot;bounceIn&quot;}\" data-widget_type=\"text-editor.default\">\n\t\t\t\t<div class=\"elementor-widget-container\">\n\t\t\t\t\t\t\t<p>NJER\u00cbZIT JAN\u00cb VLERA JON\u00cb M\u00cb E MADHE<\/p>\t\t\t\t\t\t<\/div>\n\t\t\t\t<\/div>\n\t\t\t\t<div class=\"elementor-element elementor-element-42863829 elementor-invisible elementor-widget elementor-widget-image\" data-id=\"42863829\" data-element_type=\"widget\" data-settings=\"{&quot;_animation&quot;:&quot;bounceInUp&quot;}\" data-widget_type=\"image.default\">\n\t\t\t\t<div class=\"elementor-widget-container\">\n\t\t\t\t\t\t\t\t\t\t\t\t\t\t\t<img loading=\"lazy\" decoding=\"async\" width=\"1024\" height=\"684\" src=\"https:\/\/ainvest.com.mk\/wp-content\/uploads\/2021\/06\/group-diverse-hands-together-joining-teamwork-friendship-scaled-1-1024x684.jpg\" class=\"attachment-large size-large wp-image-804\" alt=\"\" srcset=\"https:\/\/ainvest.com.mk\/wp-content\/uploads\/2021\/06\/group-diverse-hands-together-joining-teamwork-friendship-scaled-1-1024x684.jpg 1024w, https:\/\/ainvest.com.mk\/wp-content\/uploads\/2021\/06\/group-diverse-hands-together-joining-teamwork-friendship-scaled-1-300x200.jpg 300w, https:\/\/ainvest.com.mk\/wp-content\/uploads\/2021\/06\/group-diverse-hands-together-joining-teamwork-friendship-scaled-1-768x513.jpg 768w, https:\/\/ainvest.com.mk\/wp-content\/uploads\/2021\/06\/group-diverse-hands-together-joining-teamwork-friendship-scaled-1-1536x1025.jpg 1536w, https:\/\/ainvest.com.mk\/wp-content\/uploads\/2021\/06\/group-diverse-hands-together-joining-teamwork-friendship-scaled-1-2048x1367.jpg 2048w\" sizes=\"auto, (max-width: 1024px) 100vw, 1024px\" \/>\t\t\t\t\t\t\t\t\t\t\t\t\t\t\t<\/div>\n\t\t\t\t<\/div>\n\t\t\t\t\t<\/div>\n\t\t<\/div>\n\t\t\t\t<div class=\"elementor-column elementor-col-50 elementor-top-column elementor-element elementor-element-69b9958e\" data-id=\"69b9958e\" data-element_type=\"column\">\n\t\t\t<div class=\"elementor-widget-wrap elementor-element-populated\">\n\t\t\t\t\t\t\t\t<div class=\"elementor-element elementor-element-2873bbd1 elementor-invisible elementor-widget elementor-widget-text-editor\" data-id=\"2873bbd1\" data-element_type=\"widget\" data-settings=\"{&quot;_animation&quot;:&quot;bounceInRight&quot;}\" data-widget_type=\"text-editor.default\">\n\t\t\t\t<div class=\"elementor-widget-container\">\n\t\t\t\t\t\t\t<p>Pun\u00ebsimi i punonj\u00ebsve kompetent\u00eb \u00ebsht\u00eb p\u00ebrb\u00ebr\u00ebsi kryesor magjik n\u00eb \u00e7do organizat\u00eb t\u00eb madhe. Punonj\u00ebsit me nj\u00eb nivel t\u00eb lart\u00eb energjie, t\u00eb cil\u00ebt jan\u00eb proaktiv\u00eb dhe t\u00eb p\u00ebrqendruar, t\u00eb cil\u00ebt marrin p\u00ebrgjegj\u00ebsi dhe promovojn\u00eb ndryshime p\u00ebr m\u00eb mir\u00eb, kontribuojn\u00eb n\u00eb zhvillimin e organizat\u00ebs dhe l\u00ebvizjen e saj p\u00ebrpara. Kjo \u00ebsht\u00eb arsyeja pse ne n\u00eb A-Invest i kushtojm\u00eb v\u00ebmendje dhe v\u00ebmendje t\u00eb ve\u00e7ant\u00eb zgjedhjes profesionale t\u00eb t\u00eb rinjve, si dhe arsimimit dhe zhvillimit t\u00eb punonj\u00ebsve ekzistues.<\/p><p>Sht\u00eb shum\u00eb e r\u00ebnd\u00ebsishme q\u00eb ne punonj\u00ebsit t\u00eb funksionojm\u00eb me entuziaz\u00ebm, iniciativ\u00eb dhe proaktivitet, t\u00eb jemi t\u00eb p\u00ebrgjegjsh\u00ebm dhe kurioz dhe t\u00eb kemi integritet dhe ndershm\u00ebri personale. N\u00eb k\u00ebrkim t\u00eb zgjidhjeve t\u00eb reja, t\u00eb p\u00ebrmir\u00ebsuara dhe inovative t\u00eb biznesit ne promovojm\u00eb komunikim t\u00eb hapur. Idet\u00eb e mira me vler\u00eb biznesi shp\u00ebrblehen dhe punonj\u00ebsit me arritje t\u00eb larta kan\u00eb mund\u00ebsin\u00eb t\u00eb promovohen dhe zhvillohen si profesionalisht ashtu edhe personalisht. Kudo q\u00eb \u00ebsht\u00eb e mundur ne paguajm\u00eb p\u00ebr performanc\u00ebn n\u00eb m\u00ebnyr\u00eb q\u00eb punonj\u00ebsit me rezultate m\u00eb t\u00eb mira t\u00eb ken\u00eb mund\u00ebsin\u00eb t\u00eb fitojn\u00eb m\u00eb shum\u00eb. Disa nga avantazhet e A-investit jan\u00eb puna ekipore dhe mb\u00ebshtetja e fort\u00eb n\u00eb marr\u00ebdh\u00ebniet nd\u00ebrpersonale.<\/p>\t\t\t\t\t\t<\/div>\n\t\t\t\t<\/div>\n\t\t\t\t\t<\/div>\n\t\t<\/div>\n\t\t\t\t\t\t\t<\/div>\n\t\t<\/section>\n\t\t\t\t<section class=\"elementor-section elementor-top-section elementor-element elementor-element-3e40c77b elementor-section-boxed elementor-section-height-default elementor-section-height-default\" data-id=\"3e40c77b\" data-element_type=\"section\">\n\t\t\t\t\t\t<div class=\"elementor-container elementor-column-gap-default\">\n\t\t\t\t\t<div class=\"elementor-column elementor-col-100 elementor-top-column elementor-element elementor-element-6215a18 elementor-invisible\" data-id=\"6215a18\" data-element_type=\"column\" data-settings=\"{&quot;animation&quot;:&quot;bounceIn&quot;}\">\n\t\t\t<div class=\"elementor-widget-wrap elementor-element-populated\">\n\t\t\t\t\t\t\t\t<div class=\"elementor-element elementor-element-6dfa69e4 elementor-invisible elementor-widget elementor-widget-text-editor\" data-id=\"6dfa69e4\" data-element_type=\"widget\" data-settings=\"{&quot;_animation&quot;:&quot;bounceIn&quot;}\" data-widget_type=\"text-editor.default\">\n\t\t\t\t<div class=\"elementor-widget-container\">\n\t\t\t\t\t\t\t<p>KARIERA<\/p>\t\t\t\t\t\t<\/div>\n\t\t\t\t<\/div>\n\t\t\t\t\t<\/div>\n\t\t<\/div>\n\t\t\t\t\t\t\t<\/div>\n\t\t<\/section>\n\t\t\t\t<section class=\"elementor-section elementor-top-section elementor-element elementor-element-20159339 elementor-section-boxed elementor-section-height-default elementor-section-height-default\" data-id=\"20159339\" data-element_type=\"section\">\n\t\t\t\t\t\t<div class=\"elementor-container elementor-column-gap-default\">\n\t\t\t\t\t<div class=\"elementor-column elementor-col-33 elementor-top-column elementor-element elementor-element-5259771e elementor-invisible\" data-id=\"5259771e\" data-element_type=\"column\" data-settings=\"{&quot;background_background&quot;:&quot;slideshow&quot;,&quot;background_slideshow_gallery&quot;:[{&quot;id&quot;:359,&quot;url&quot;:&quot;https:\\\/\\\/ainvest.com.mk\\\/wp-content\\\/uploads\\\/2021\\\/05\\\/pexels-tiger-lily-4481259.jpg&quot;},{&quot;id&quot;:358,&quot;url&quot;:&quot;https:\\\/\\\/ainvest.com.mk\\\/wp-content\\\/uploads\\\/2021\\\/05\\\/pexels-elevate-1267338.jpg&quot;},{&quot;id&quot;:576,&quot;url&quot;:&quot;https:\\\/\\\/ainvest.com.mk\\\/wp-content\\\/uploads\\\/2021\\\/05\\\/pexels-tiger-lily-4483775.jpg&quot;},{&quot;id&quot;:804,&quot;url&quot;:&quot;https:\\\/\\\/ainvest.com.mk\\\/wp-content\\\/uploads\\\/2021\\\/06\\\/group-diverse-hands-together-joining-teamwork-friendship-scaled-1.jpg&quot;},{&quot;id&quot;:356,&quot;url&quot;:&quot;https:\\\/\\\/ainvest.com.mk\\\/wp-content\\\/uploads\\\/2021\\\/05\\\/pexels-cleyder-duque-3821385.jpg&quot;}],&quot;animation&quot;:&quot;slideInLeft&quot;,&quot;background_slideshow_loop&quot;:&quot;yes&quot;,&quot;background_slideshow_slide_duration&quot;:5000,&quot;background_slideshow_slide_transition&quot;:&quot;fade&quot;,&quot;background_slideshow_transition_duration&quot;:500}\">\n\t\t\t<div class=\"elementor-widget-wrap elementor-element-populated\">\n\t\t\t\t\t\t\t\t<div class=\"elementor-element elementor-element-25e06a4e elementor-widget elementor-widget-text-editor\" data-id=\"25e06a4e\" data-element_type=\"widget\" data-widget_type=\"text-editor.default\">\n\t\t\t\t<div class=\"elementor-widget-container\">\n\t\t\t\t\t\t\t<p>\u00a0 \u00a0 \u00a0 \u00a0 \u00a0 \u00a0 \u00a0 \u00a0 \u00a0 \u00a0 \u00a0 \u00a0 \u00a0 \u00a0 \u00a0 \u00a0 \u00a0 \u00a0 \u00a0 \u00a0 \u00a0 \u00a0 \u00a0 \u00a0 \u00a0 \u00a0 \u00a0 \u00a0 \u00a0 \u00a0 \u00a0<\/p><p>\u00a0 \u00a0 \u00a0 \u00a0 \u00a0 \u00a0 \u00a0 \u00a0 \u00a0 \u00a0 \u00a0 \u00a0 \u00a0 \u00a0 \u00a0 \u00a0 \u00a0 \u00a0 \u00a0 \u00a0 \u00a0 \u00a0 \u00a0 \u00a0 \u00a0 \u00a0 \u00a0 \u00a0 \u00a0 \u00a0 \u00a0<\/p><p>\u00a0 \u00a0 \u00a0 \u00a0 \u00a0 \u00a0 \u00a0 \u00a0 \u00a0 \u00a0 \u00a0 \u00a0 \u00a0 \u00a0 \u00a0 \u00a0 \u00a0 \u00a0 \u00a0 \u00a0 \u00a0 \u00a0 \u00a0 \u00a0 \u00a0 \u00a0 \u00a0 \u00a0 \u00a0 \u00a0 \u00a0<\/p><p>\u00a0 \u00a0 \u00a0 \u00a0 \u00a0 \u00a0 \u00a0 \u00a0 \u00a0 \u00a0 \u00a0 \u00a0 \u00a0 \u00a0 \u00a0 \u00a0 \u00a0 \u00a0 \u00a0 \u00a0 \u00a0 \u00a0 \u00a0 \u00a0 \u00a0 \u00a0 \u00a0 \u00a0 \u00a0 \u00a0 \u00a0<\/p><p>\u00a0 \u00a0 \u00a0 \u00a0 \u00a0 \u00a0 \u00a0 \u00a0 \u00a0 \u00a0 \u00a0 \u00a0 \u00a0 \u00a0 \u00a0 \u00a0 \u00a0 \u00a0 \u00a0 \u00a0 \u00a0 \u00a0 \u00a0 \u00a0 \u00a0 \u00a0 \u00a0 \u00a0 \u00a0 \u00a0 \u00a0\u00a0<\/p>\t\t\t\t\t\t<\/div>\n\t\t\t\t<\/div>\n\t\t\t\t\t<\/div>\n\t\t<\/div>\n\t\t\t\t<div class=\"elementor-column elementor-col-66 elementor-top-column elementor-element elementor-element-5e6914d2 elementor-invisible\" data-id=\"5e6914d2\" data-element_type=\"column\" data-settings=\"{&quot;background_background&quot;:&quot;classic&quot;,&quot;animation&quot;:&quot;bounceInRight&quot;}\">\n\t\t\t<div class=\"elementor-widget-wrap elementor-element-populated\">\n\t\t\t\t\t\t\t\t<div class=\"elementor-element elementor-element-44ea7d2d elementor-invisible elementor-widget elementor-widget-text-editor\" data-id=\"44ea7d2d\" data-element_type=\"widget\" data-settings=\"{&quot;_animation&quot;:&quot;bounceInRight&quot;}\" data-widget_type=\"text-editor.default\">\n\t\t\t\t<div class=\"elementor-widget-container\">\n\t\t\t\t\t\t\t<p>Jasht\u00ebzakonisht e r\u00ebnd\u00ebsishme \u00ebsht\u00eb q\u00eb q\u00ebllimet tuaja t\u00eb jen\u00eb n\u00eb p\u00ebrputhje me q\u00ebllimet e kompanis\u00eb. Ky \u00ebsht\u00eb q\u00ebllimi yn\u00eb i p\u00ebrbashk\u00ebt, q\u00eb t\u00eb njihemi m\u00eb mir\u00eb. Duke pasur k\u00ebt\u00eb n\u00eb mendje, ne kemi p\u00ebrgatitur nj\u00eb pyet\u00ebsor, i cili \u00ebsht\u00eb baza p\u00ebr intervist\u00ebn ton\u00eb personale me ju. Referencat tuaja personale vler\u00ebsohen dhe konfidencialiteti i t\u00eb dh\u00ebnave tuaja \u00ebsht\u00eb i garantuar.<\/p><p>N\u00eb A-invest ekziston nj\u00eb mund\u00ebsi p\u00ebr praktik\u00ebn e student\u00ebve, pas intervistimit t\u00eb kandidat\u00ebve q\u00eb kan\u00eb shprehur d\u00ebshir\u00ebn p\u00ebr t\u00eb, pasi t\u00eb vler\u00ebsojn\u00eb aft\u00ebsit\u00eb dhe afinitetet e tyre.<\/p>\t\t\t\t\t\t<\/div>\n\t\t\t\t<\/div>\n\t\t\t\t\t<\/div>\n\t\t<\/div>\n\t\t\t\t\t\t\t<\/div>\n\t\t<\/section>\n\t\t\t\t<section class=\"elementor-section elementor-top-section elementor-element elementor-element-4783f7c elementor-section-boxed elementor-section-height-default elementor-section-height-default elementor-invisible\" data-id=\"4783f7c\" data-element_type=\"section\" data-settings=\"{&quot;background_background&quot;:&quot;slideshow&quot;,&quot;background_slideshow_gallery&quot;:[{&quot;id&quot;:1052,&quot;url&quot;:&quot;https:\\\/\\\/ainvest.com.mk\\\/wp-content\\\/uploads\\\/2021\\\/06\\\/DSC_3019.jpg&quot;},{&quot;id&quot;:1050,&quot;url&quot;:&quot;https:\\\/\\\/ainvest.com.mk\\\/wp-content\\\/uploads\\\/2021\\\/06\\\/DSC_3064.jpg&quot;},{&quot;id&quot;:1051,&quot;url&quot;:&quot;https:\\\/\\\/ainvest.com.mk\\\/wp-content\\\/uploads\\\/2021\\\/06\\\/DSC_3076.jpg&quot;}],&quot;animation&quot;:&quot;bounceInUp&quot;,&quot;background_slideshow_loop&quot;:&quot;yes&quot;,&quot;background_slideshow_slide_duration&quot;:5000,&quot;background_slideshow_slide_transition&quot;:&quot;fade&quot;,&quot;background_slideshow_transition_duration&quot;:500}\">\n\t\t\t\t\t\t\t<div class=\"elementor-background-overlay\"><\/div>\n\t\t\t\t\t\t\t<div class=\"elementor-container elementor-column-gap-default\">\n\t\t\t\t\t<div class=\"elementor-column elementor-col-33 elementor-top-column elementor-element elementor-element-ced2e70\" data-id=\"ced2e70\" data-element_type=\"column\">\n\t\t\t<div class=\"elementor-widget-wrap elementor-element-populated\">\n\t\t\t\t\t\t\t\t<div class=\"elementor-element elementor-element-8e5bf20 elementor-invisible elementor-widget elementor-widget-image\" data-id=\"8e5bf20\" data-element_type=\"widget\" data-settings=\"{&quot;_animation&quot;:&quot;bounceInLeft&quot;}\" data-widget_type=\"image.default\">\n\t\t\t\t<div class=\"elementor-widget-container\">\n\t\t\t\t\t\t\t\t\t\t\t\t\t\t\t\t<a href=\"https:\/\/ainvest.com.mk\/\">\n\t\t\t\t\t\t\t<img loading=\"lazy\" decoding=\"async\" width=\"164\" height=\"45\" src=\"https:\/\/ainvest.com.mk\/wp-content\/uploads\/2021\/05\/cropped-aaa.png\" class=\"attachment-large size-large wp-image-661\" alt=\"\" \/>\t\t\t\t\t\t\t\t<\/a>\n\t\t\t\t\t\t\t\t\t\t\t\t\t\t\t<\/div>\n\t\t\t\t<\/div>\n\t\t\t\t\t<\/div>\n\t\t<\/div>\n\t\t\t\t<div class=\"elementor-column elementor-col-33 elementor-top-column elementor-element elementor-element-613ddc4\" data-id=\"613ddc4\" data-element_type=\"column\">\n\t\t\t<div class=\"elementor-widget-wrap elementor-element-populated\">\n\t\t\t\t\t\t\t\t<div class=\"elementor-element elementor-element-a4b1d49 elementor-widget elementor-widget-counter\" data-id=\"a4b1d49\" data-element_type=\"widget\" data-widget_type=\"counter.default\">\n\t\t\t\t<div class=\"elementor-widget-container\">\n\t\t\t\t\t<div class=\"elementor-counter\">\n\t\t\t<div class=\"elementor-counter-number-wrapper\">\n\t\t\t\t<span class=\"elementor-counter-number-prefix\"><\/span>\n\t\t\t\t<span class=\"elementor-counter-number\" data-duration=\"2000\" data-to-value=\"24\" data-from-value=\"0\" data-delimiter=\",\">0<\/span>\n\t\t\t\t<span class=\"elementor-counter-number-suffix\"><\/span>\n\t\t\t<\/div>\n\t\t\t\t\t\t\t<div class=\"elementor-counter-title\">\u0413\u043e\u0434\u0438\u043d\u0438<\/div>\n\t\t\t\t\t<\/div>\n\t\t\t\t<\/div>\n\t\t\t\t<\/div>\n\t\t\t\t\t<\/div>\n\t\t<\/div>\n\t\t\t\t<div class=\"elementor-column elementor-col-33 elementor-top-column elementor-element elementor-element-c48cba0\" data-id=\"c48cba0\" data-element_type=\"column\">\n\t\t\t<div class=\"elementor-widget-wrap elementor-element-populated\">\n\t\t\t\t\t\t\t\t<div class=\"elementor-element elementor-element-7d623a3 elementor-widget elementor-widget-counter\" data-id=\"7d623a3\" data-element_type=\"widget\" data-widget_type=\"counter.default\">\n\t\t\t\t<div class=\"elementor-widget-container\">\n\t\t\t\t\t<div class=\"elementor-counter\">\n\t\t\t<div class=\"elementor-counter-number-wrapper\">\n\t\t\t\t<span class=\"elementor-counter-number-prefix\"><\/span>\n\t\t\t\t<span class=\"elementor-counter-number\" data-duration=\"2000\" data-to-value=\"13\" data-from-value=\"0\" data-delimiter=\",\">0<\/span>\n\t\t\t\t<span class=\"elementor-counter-number-suffix\"><\/span>\n\t\t\t<\/div>\n\t\t\t\t\t\t\t<div class=\"elementor-counter-title\">\u0411\u0440\u0435\u043d\u0434\u043e\u0432\u0438<\/div>\n\t\t\t\t\t<\/div>\n\t\t\t\t<\/div>\n\t\t\t\t<\/div>\n\t\t\t\t\t<\/div>\n\t\t<\/div>\n\t\t\t\t\t\t\t<\/div>\n\t\t<\/section>\n\t\t\t\t\t\t\t<\/div>\n\t\t","protected":false},"excerpt":{"rendered":"<p>NJER\u00cbZIT JAN\u00cb VLERA JON\u00cb M\u00cb E MADHE Pun\u00ebsimi i punonj\u00ebsve kompetent\u00eb \u00ebsht\u00eb p\u00ebrb\u00ebr\u00ebsi kryesor magjik n\u00eb \u00e7do organizat\u00eb t\u00eb madhe. Punonj\u00ebsit me nj\u00eb nivel t\u00eb lart\u00eb energjie, t\u00eb cil\u00ebt jan\u00eb proaktiv\u00eb dhe t\u00eb p\u00ebrqendruar, t\u00eb cil\u00ebt marrin p\u00ebrgjegj\u00ebsi dhe promovojn\u00eb ndryshime p\u00ebr m\u00eb mir\u00eb, kontribuojn\u00eb n\u00eb zhvillimin e organizat\u00ebs dhe l\u00ebvizjen e saj p\u00ebrpara. Kjo [&hellip;]<\/p>\n","protected":false},"author":1,"featured_media":0,"parent":0,"menu_order":0,"comment_status":"closed","ping_status":"closed","template":"","meta":{"footnotes":""},"class_list":["post-1133","page","type-page","status-publish","hentry","entry"],"yoast_head":"<!-- This site is optimized with the Yoast SEO plugin v21.5 - https:\/\/yoast.com\/wordpress\/plugins\/seo\/ -->\n<title>Burimet Njer\u00ebzore - Ainvest<\/title>\n<meta name=\"robots\" content=\"index, follow, max-snippet:-1, max-image-preview:large, max-video-preview:-1\" \/>\n<link rel=\"canonical\" href=\"https:\/\/ainvest.com.mk\/index.php\/sq\/burimet-njerezore\/\" \/>\n<meta property=\"og:locale\" content=\"en_US\" \/>\n<meta property=\"og:type\" content=\"article\" \/>\n<meta property=\"og:title\" content=\"Burimet Njer\u00ebzore - Ainvest\" \/>\n<meta property=\"og:description\" content=\"NJER\u00cbZIT JAN\u00cb VLERA JON\u00cb M\u00cb E MADHE Pun\u00ebsimi i punonj\u00ebsve kompetent\u00eb \u00ebsht\u00eb p\u00ebrb\u00ebr\u00ebsi kryesor magjik n\u00eb \u00e7do organizat\u00eb t\u00eb madhe. Punonj\u00ebsit me nj\u00eb nivel t\u00eb lart\u00eb energjie, t\u00eb cil\u00ebt jan\u00eb proaktiv\u00eb dhe t\u00eb p\u00ebrqendruar, t\u00eb cil\u00ebt marrin p\u00ebrgjegj\u00ebsi dhe promovojn\u00eb ndryshime p\u00ebr m\u00eb mir\u00eb, kontribuojn\u00eb n\u00eb zhvillimin e organizat\u00ebs dhe l\u00ebvizjen e saj p\u00ebrpara. Kjo [&hellip;]\" \/>\n<meta property=\"og:url\" content=\"https:\/\/ainvest.com.mk\/index.php\/sq\/burimet-njerezore\/\" \/>\n<meta property=\"og:site_name\" content=\"Ainvest\" \/>\n<meta property=\"article:modified_time\" content=\"2023-11-19T23:34:18+00:00\" \/>\n<meta property=\"og:image\" content=\"https:\/\/ainvest.com.mk\/wp-content\/uploads\/2021\/06\/group-diverse-hands-together-joining-teamwork-friendship-scaled-1-1024x684.jpg\" \/>\n<meta name=\"twitter:card\" content=\"summary_large_image\" \/>\n<meta name=\"twitter:label1\" content=\"Est. reading time\" \/>\n\t<meta name=\"twitter:data1\" content=\"2 minutes\" \/>\n<script type=\"application\/ld+json\" class=\"yoast-schema-graph\">{\"@context\":\"https:\/\/schema.org\",\"@graph\":[{\"@type\":\"WebPage\",\"@id\":\"https:\/\/ainvest.com.mk\/index.php\/sq\/burimet-njerezore\/\",\"url\":\"https:\/\/ainvest.com.mk\/index.php\/sq\/burimet-njerezore\/\",\"name\":\"Burimet Njer\u00ebzore - Ainvest\",\"isPartOf\":{\"@id\":\"https:\/\/ainvest.com.mk\/#website\"},\"datePublished\":\"2021-06-13T21:34:00+00:00\",\"dateModified\":\"2023-11-19T23:34:18+00:00\",\"breadcrumb\":{\"@id\":\"https:\/\/ainvest.com.mk\/index.php\/sq\/burimet-njerezore\/#breadcrumb\"},\"inLanguage\":\"en-US\",\"potentialAction\":[{\"@type\":\"ReadAction\",\"target\":[\"https:\/\/ainvest.com.mk\/index.php\/sq\/burimet-njerezore\/\"]}]},{\"@type\":\"BreadcrumbList\",\"@id\":\"https:\/\/ainvest.com.mk\/index.php\/sq\/burimet-njerezore\/#breadcrumb\",\"itemListElement\":[{\"@type\":\"ListItem\",\"position\":1,\"name\":\"Home\",\"item\":\"https:\/\/ainvest.com.mk\/\"},{\"@type\":\"ListItem\",\"position\":2,\"name\":\"Burimet Njer\u00ebzore\"}]},{\"@type\":\"WebSite\",\"@id\":\"https:\/\/ainvest.com.mk\/#website\",\"url\":\"https:\/\/ainvest.com.mk\/\",\"name\":\"Ainvest\",\"description\":\"\u0434\u0438\u0441\u0442\u0440\u0438\u0431\u0443\u0446\u0438\u0458\u0430, \u043b\u043e\u0433\u0438\u0441\u0442\u0438\u043a\u0430 \u0438 \u0431\u0440\u0435\u043d\u0434 \u043c\u0435\u043d\u0430\u045f\u043c\u0435\u043d\u0442\",\"publisher\":{\"@id\":\"https:\/\/ainvest.com.mk\/#organization\"},\"potentialAction\":[{\"@type\":\"SearchAction\",\"target\":{\"@type\":\"EntryPoint\",\"urlTemplate\":\"https:\/\/ainvest.com.mk\/?s={search_term_string}\"},\"query-input\":\"required name=search_term_string\"}],\"inLanguage\":\"en-US\"},{\"@type\":\"Organization\",\"@id\":\"https:\/\/ainvest.com.mk\/#organization\",\"name\":\"Ainvest\",\"url\":\"https:\/\/ainvest.com.mk\/\",\"logo\":{\"@type\":\"ImageObject\",\"inLanguage\":\"en-US\",\"@id\":\"https:\/\/ainvest.com.mk\/#\/schema\/logo\/image\/\",\"url\":\"https:\/\/ainvest.com.mk\/wp-content\/uploads\/2021\/06\/Logo.png\",\"contentUrl\":\"https:\/\/ainvest.com.mk\/wp-content\/uploads\/2021\/06\/Logo.png\",\"width\":165,\"height\":45,\"caption\":\"Ainvest\"},\"image\":{\"@id\":\"https:\/\/ainvest.com.mk\/#\/schema\/logo\/image\/\"}}]}<\/script>\n<!-- \/ Yoast SEO plugin. -->","yoast_head_json":{"title":"Burimet Njer\u00ebzore - Ainvest","robots":{"index":"index","follow":"follow","max-snippet":"max-snippet:-1","max-image-preview":"max-image-preview:large","max-video-preview":"max-video-preview:-1"},"canonical":"https:\/\/ainvest.com.mk\/index.php\/sq\/burimet-njerezore\/","og_locale":"en_US","og_type":"article","og_title":"Burimet Njer\u00ebzore - Ainvest","og_description":"NJER\u00cbZIT JAN\u00cb VLERA JON\u00cb M\u00cb E MADHE Pun\u00ebsimi i punonj\u00ebsve kompetent\u00eb \u00ebsht\u00eb p\u00ebrb\u00ebr\u00ebsi kryesor magjik n\u00eb \u00e7do organizat\u00eb t\u00eb madhe. Punonj\u00ebsit me nj\u00eb nivel t\u00eb lart\u00eb energjie, t\u00eb cil\u00ebt jan\u00eb proaktiv\u00eb dhe t\u00eb p\u00ebrqendruar, t\u00eb cil\u00ebt marrin p\u00ebrgjegj\u00ebsi dhe promovojn\u00eb ndryshime p\u00ebr m\u00eb mir\u00eb, kontribuojn\u00eb n\u00eb zhvillimin e organizat\u00ebs dhe l\u00ebvizjen e saj p\u00ebrpara. Kjo [&hellip;]","og_url":"https:\/\/ainvest.com.mk\/index.php\/sq\/burimet-njerezore\/","og_site_name":"Ainvest","article_modified_time":"2023-11-19T23:34:18+00:00","og_image":[{"url":"https:\/\/ainvest.com.mk\/wp-content\/uploads\/2021\/06\/group-diverse-hands-together-joining-teamwork-friendship-scaled-1-1024x684.jpg"}],"twitter_card":"summary_large_image","twitter_misc":{"Est. reading time":"2 minutes"},"schema":{"@context":"https:\/\/schema.org","@graph":[{"@type":"WebPage","@id":"https:\/\/ainvest.com.mk\/index.php\/sq\/burimet-njerezore\/","url":"https:\/\/ainvest.com.mk\/index.php\/sq\/burimet-njerezore\/","name":"Burimet Njer\u00ebzore - Ainvest","isPartOf":{"@id":"https:\/\/ainvest.com.mk\/#website"},"datePublished":"2021-06-13T21:34:00+00:00","dateModified":"2023-11-19T23:34:18+00:00","breadcrumb":{"@id":"https:\/\/ainvest.com.mk\/index.php\/sq\/burimet-njerezore\/#breadcrumb"},"inLanguage":"en-US","potentialAction":[{"@type":"ReadAction","target":["https:\/\/ainvest.com.mk\/index.php\/sq\/burimet-njerezore\/"]}]},{"@type":"BreadcrumbList","@id":"https:\/\/ainvest.com.mk\/index.php\/sq\/burimet-njerezore\/#breadcrumb","itemListElement":[{"@type":"ListItem","position":1,"name":"Home","item":"https:\/\/ainvest.com.mk\/"},{"@type":"ListItem","position":2,"name":"Burimet Njer\u00ebzore"}]},{"@type":"WebSite","@id":"https:\/\/ainvest.com.mk\/#website","url":"https:\/\/ainvest.com.mk\/","name":"Ainvest","description":"\u0434\u0438\u0441\u0442\u0440\u0438\u0431\u0443\u0446\u0438\u0458\u0430, \u043b\u043e\u0433\u0438\u0441\u0442\u0438\u043a\u0430 \u0438 \u0431\u0440\u0435\u043d\u0434 \u043c\u0435\u043d\u0430\u045f\u043c\u0435\u043d\u0442","publisher":{"@id":"https:\/\/ainvest.com.mk\/#organization"},"potentialAction":[{"@type":"SearchAction","target":{"@type":"EntryPoint","urlTemplate":"https:\/\/ainvest.com.mk\/?s={search_term_string}"},"query-input":"required name=search_term_string"}],"inLanguage":"en-US"},{"@type":"Organization","@id":"https:\/\/ainvest.com.mk\/#organization","name":"Ainvest","url":"https:\/\/ainvest.com.mk\/","logo":{"@type":"ImageObject","inLanguage":"en-US","@id":"https:\/\/ainvest.com.mk\/#\/schema\/logo\/image\/","url":"https:\/\/ainvest.com.mk\/wp-content\/uploads\/2021\/06\/Logo.png","contentUrl":"https:\/\/ainvest.com.mk\/wp-content\/uploads\/2021\/06\/Logo.png","width":165,"height":45,"caption":"Ainvest"},"image":{"@id":"https:\/\/ainvest.com.mk\/#\/schema\/logo\/image\/"}}]}},"_links":{"self":[{"href":"https:\/\/ainvest.com.mk\/index.php\/wp-json\/wp\/v2\/pages\/1133","targetHints":{"allow":["GET"]}}],"collection":[{"href":"https:\/\/ainvest.com.mk\/index.php\/wp-json\/wp\/v2\/pages"}],"about":[{"href":"https:\/\/ainvest.com.mk\/index.php\/wp-json\/wp\/v2\/types\/page"}],"author":[{"embeddable":true,"href":"https:\/\/ainvest.com.mk\/index.php\/wp-json\/wp\/v2\/users\/1"}],"replies":[{"embeddable":true,"href":"https:\/\/ainvest.com.mk\/index.php\/wp-json\/wp\/v2\/comments?post=1133"}],"version-history":[{"count":13,"href":"https:\/\/ainvest.com.mk\/index.php\/wp-json\/wp\/v2\/pages\/1133\/revisions"}],"predecessor-version":[{"id":1452,"href":"https:\/\/ainvest.com.mk\/index.php\/wp-json\/wp\/v2\/pages\/1133\/revisions\/1452"}],"wp:attachment":[{"href":"https:\/\/ainvest.com.mk\/index.php\/wp-json\/wp\/v2\/media?parent=1133"}],"curies":[{"name":"wp","href":"https:\/\/api.w.org\/{rel}","templated":true}]}}