{"id":1129,"date":"2021-05-22T21:19:14","date_gmt":"2021-05-22T21:19:14","guid":{"rendered":"https:\/\/ainvest.com.mk\/?page_id=1129"},"modified":"2023-11-19T23:23:12","modified_gmt":"2023-11-19T23:23:12","slug":"rreth-nesh","status":"publish","type":"page","link":"https:\/\/ainvest.com.mk\/index.php\/sq\/rreth-nesh\/","title":{"rendered":"Rreth Nesh"},"content":{"rendered":"\t\t<div data-elementor-type=\"wp-page\" data-elementor-id=\"1129\" class=\"elementor elementor-1129\">\n\t\t\t\t\t\t\t\t\t<section class=\"elementor-section elementor-top-section elementor-element elementor-element-2dde4eb elementor-section-boxed elementor-section-height-default elementor-section-height-default\" data-id=\"2dde4eb\" data-element_type=\"section\" data-settings=\"{&quot;background_background&quot;:&quot;classic&quot;}\">\n\t\t\t\t\t\t\t<div class=\"elementor-background-overlay\"><\/div>\n\t\t\t\t\t\t\t<div class=\"elementor-container elementor-column-gap-default\">\n\t\t\t\t\t<div class=\"elementor-column elementor-col-100 elementor-top-column elementor-element elementor-element-63d74a1\" data-id=\"63d74a1\" data-element_type=\"column\">\n\t\t\t<div class=\"elementor-widget-wrap elementor-element-populated\">\n\t\t\t\t\t\t\t\t<div class=\"elementor-element elementor-element-fbeb96f elementor-invisible elementor-widget elementor-widget-text-editor\" data-id=\"fbeb96f\" data-element_type=\"widget\" data-settings=\"{&quot;_animation&quot;:&quot;bounceInRight&quot;}\" data-widget_type=\"text-editor.default\">\n\t\t\t\t<div class=\"elementor-widget-container\">\n\t\t\t\t\t\t\t<p>A-invest \u00ebsht\u00eb distributor i p\u00ebrgjithsh\u00ebm i disa markave t\u00eb njohura bot\u00ebrore t\u00eb produkteve ushqimore dhe joushqimore. Gama e pasur dhe e larmishme e markave dhe produkteve k\u00ebrkon nj\u00eb shkall\u00eb t\u00eb lart\u00eb fleksibiliteti, hapje ndaj ndryshimeve t\u00eb vazhdueshme, organizim fleksib\u00ebl dhe investime n\u00eb njer\u00ebz dhe zhvillim t\u00eb mark\u00ebs.<\/p><p><span style=\"font-size: 15px;\">Q\u00ebllimi yn\u00eb \u00ebsht\u00eb t\u00eb gjenerojm\u00eb rritje t\u00eb q\u00ebndrueshme t\u00eb biznesit dhe t\u00eb krijojm\u00eb vler\u00eb t\u00eb shtuar p\u00ebr partner\u00ebt tan\u00eb t\u00eb biznesit dhe p\u00ebr markat n\u00eb portofolin ton\u00eb. Klient\u00ebt tan\u00eb jan\u00eb t\u00eb gjith\u00eb pjes\u00ebmarr\u00ebs t\u00eb tregut relevant dhe me reputacion, duke filluar nga zinxhir\u00ebt e m\u00ebdhenj shum\u00ebkomb\u00ebshe, zinxhir\u00ebt lokal\u00eb t\u00eb shitjes me pakic\u00eb, shit\u00ebsit me shumic\u00eb, farmacit\u00eb, tregtar\u00ebt e pavarur lokal\u00eb, sip\u00ebrmarr\u00ebsit dhe kanalet e specializuara t\u00eb shitjes. A-invest \u00ebsht\u00eb nj\u00eb partner q\u00eb plot\u00ebson m\u00eb s\u00eb miri nevojat e partner\u00ebve tan\u00eb t\u00eb biznesit me nj\u00eb p\u00ebrzierje optimale t\u00eb kontributit nga produktet, sh\u00ebrbimet, fleksibiliteti dhe ekspertiza lokale.<\/span><\/p><p><span style=\"font-size: 15px;\">Me nj\u00eb ekip ekspert\u00ebsh profesionist\u00eb t\u00eb pasionuar, ne ofrojm\u00eb zgjidhje t\u00eb plota dhe gjith\u00ebp\u00ebrfshir\u00ebse biznesi p\u00ebr shitje, sh\u00ebrbime logjistike, sh\u00ebrbime marketingu dhe menaxhim marke.N\u00eb biznesin ton\u00eb, ne udh\u00ebhiqemi nga vizioni, misioni, parimet dhe vlerat tona.<\/span><\/p>\t\t\t\t\t\t<\/div>\n\t\t\t\t<\/div>\n\t\t\t\t\t<\/div>\n\t\t<\/div>\n\t\t\t\t\t\t\t<\/div>\n\t\t<\/section>\n\t\t\t\t<section class=\"elementor-section elementor-top-section elementor-element elementor-element-b5b9a65 elementor-section-boxed elementor-section-height-default elementor-section-height-default elementor-invisible\" data-id=\"b5b9a65\" data-element_type=\"section\" data-settings=\"{&quot;background_background&quot;:&quot;slideshow&quot;,&quot;background_slideshow_gallery&quot;:[{&quot;id&quot;:359,&quot;url&quot;:&quot;https:\\\/\\\/ainvest.com.mk\\\/wp-content\\\/uploads\\\/2021\\\/05\\\/pexels-tiger-lily-4481259.jpg&quot;},{&quot;id&quot;:358,&quot;url&quot;:&quot;https:\\\/\\\/ainvest.com.mk\\\/wp-content\\\/uploads\\\/2021\\\/05\\\/pexels-elevate-1267338.jpg&quot;},{&quot;id&quot;:357,&quot;url&quot;:&quot;https:\\\/\\\/ainvest.com.mk\\\/wp-content\\\/uploads\\\/2021\\\/05\\\/pexels-craig-adderley-1543924.jpg&quot;},{&quot;id&quot;:356,&quot;url&quot;:&quot;https:\\\/\\\/ainvest.com.mk\\\/wp-content\\\/uploads\\\/2021\\\/05\\\/pexels-cleyder-duque-3821385.jpg&quot;}],&quot;animation&quot;:&quot;slideInUp&quot;,&quot;background_slideshow_loop&quot;:&quot;yes&quot;,&quot;background_slideshow_slide_duration&quot;:5000,&quot;background_slideshow_slide_transition&quot;:&quot;fade&quot;,&quot;background_slideshow_transition_duration&quot;:500}\">\n\t\t\t\t\t\t\t<div class=\"elementor-background-overlay\"><\/div>\n\t\t\t\t\t\t\t<div class=\"elementor-container elementor-column-gap-default\">\n\t\t\t\t\t<div class=\"elementor-column elementor-col-33 elementor-top-column elementor-element elementor-element-866b58e\" data-id=\"866b58e\" data-element_type=\"column\">\n\t\t\t<div class=\"elementor-widget-wrap elementor-element-populated\">\n\t\t\t\t\t\t\t\t<div class=\"elementor-element elementor-element-23ec17f elementor-invisible elementor-widget elementor-widget-image\" data-id=\"23ec17f\" data-element_type=\"widget\" data-settings=\"{&quot;_animation&quot;:&quot;bounceInLeft&quot;}\" data-widget_type=\"image.default\">\n\t\t\t\t<div class=\"elementor-widget-container\">\n\t\t\t\t\t\t\t\t\t\t\t\t\t\t\t\t<a href=\"https:\/\/ainvest.com.mk\/\">\n\t\t\t\t\t\t\t<img loading=\"lazy\" decoding=\"async\" width=\"164\" height=\"45\" src=\"https:\/\/ainvest.com.mk\/wp-content\/uploads\/2021\/05\/cropped-aaa.png\" class=\"attachment-large size-large wp-image-661\" alt=\"\" \/>\t\t\t\t\t\t\t\t<\/a>\n\t\t\t\t\t\t\t\t\t\t\t\t\t\t\t<\/div>\n\t\t\t\t<\/div>\n\t\t\t\t\t<\/div>\n\t\t<\/div>\n\t\t\t\t<div class=\"elementor-column elementor-col-33 elementor-top-column elementor-element elementor-element-0546e26\" data-id=\"0546e26\" data-element_type=\"column\">\n\t\t\t<div class=\"elementor-widget-wrap elementor-element-populated\">\n\t\t\t\t\t\t\t\t<div class=\"elementor-element elementor-element-3a7fbb6 elementor-widget elementor-widget-counter\" data-id=\"3a7fbb6\" data-element_type=\"widget\" data-widget_type=\"counter.default\">\n\t\t\t\t<div class=\"elementor-widget-container\">\n\t\t\t\t\t<div class=\"elementor-counter\">\n\t\t\t<div class=\"elementor-counter-number-wrapper\">\n\t\t\t\t<span class=\"elementor-counter-number-prefix\"><\/span>\n\t\t\t\t<span class=\"elementor-counter-number\" data-duration=\"2000\" data-to-value=\"24\" data-from-value=\"0\" data-delimiter=\",\">0<\/span>\n\t\t\t\t<span class=\"elementor-counter-number-suffix\"><\/span>\n\t\t\t<\/div>\n\t\t\t\t\t\t\t<div class=\"elementor-counter-title\">Vite<\/div>\n\t\t\t\t\t<\/div>\n\t\t\t\t<\/div>\n\t\t\t\t<\/div>\n\t\t\t\t\t<\/div>\n\t\t<\/div>\n\t\t\t\t<div class=\"elementor-column elementor-col-33 elementor-top-column elementor-element elementor-element-82d3d20\" data-id=\"82d3d20\" data-element_type=\"column\">\n\t\t\t<div class=\"elementor-widget-wrap elementor-element-populated\">\n\t\t\t\t\t\t\t\t<div class=\"elementor-element elementor-element-93c71dd elementor-widget elementor-widget-counter\" data-id=\"93c71dd\" data-element_type=\"widget\" data-widget_type=\"counter.default\">\n\t\t\t\t<div class=\"elementor-widget-container\">\n\t\t\t\t\t<div class=\"elementor-counter\">\n\t\t\t<div class=\"elementor-counter-number-wrapper\">\n\t\t\t\t<span class=\"elementor-counter-number-prefix\"><\/span>\n\t\t\t\t<span class=\"elementor-counter-number\" data-duration=\"2000\" data-to-value=\"13\" data-from-value=\"0\" data-delimiter=\",\">0<\/span>\n\t\t\t\t<span class=\"elementor-counter-number-suffix\"><\/span>\n\t\t\t<\/div>\n\t\t\t\t\t\t\t<div class=\"elementor-counter-title\">Brende<\/div>\n\t\t\t\t\t<\/div>\n\t\t\t\t<\/div>\n\t\t\t\t<\/div>\n\t\t\t\t\t<\/div>\n\t\t<\/div>\n\t\t\t\t\t\t\t<\/div>\n\t\t<\/section>\n\t\t\t\t\t\t\t<\/div>\n\t\t","protected":false},"excerpt":{"rendered":"<p>A-invest \u00ebsht\u00eb distributor i p\u00ebrgjithsh\u00ebm i disa markave t\u00eb njohura bot\u00ebrore t\u00eb produkteve ushqimore dhe joushqimore. Gama e pasur dhe e larmishme e markave dhe produkteve k\u00ebrkon nj\u00eb shkall\u00eb t\u00eb lart\u00eb fleksibiliteti, hapje ndaj ndryshimeve t\u00eb vazhdueshme, organizim fleksib\u00ebl dhe investime n\u00eb njer\u00ebz dhe zhvillim t\u00eb mark\u00ebs. Q\u00ebllimi yn\u00eb \u00ebsht\u00eb t\u00eb gjenerojm\u00eb rritje t\u00eb q\u00ebndrueshme [&hellip;]<\/p>\n","protected":false},"author":1,"featured_media":0,"parent":0,"menu_order":0,"comment_status":"closed","ping_status":"closed","template":"","meta":{"footnotes":""},"class_list":["post-1129","page","type-page","status-publish","hentry","entry"],"yoast_head":"<!-- This site is optimized with the Yoast SEO plugin v21.5 - https:\/\/yoast.com\/wordpress\/plugins\/seo\/ -->\n<title>Rreth Nesh - Ainvest<\/title>\n<meta name=\"robots\" content=\"index, follow, max-snippet:-1, max-image-preview:large, max-video-preview:-1\" \/>\n<link rel=\"canonical\" href=\"https:\/\/ainvest.com.mk\/index.php\/sq\/rreth-nesh\/\" \/>\n<meta property=\"og:locale\" content=\"en_US\" \/>\n<meta property=\"og:type\" content=\"article\" \/>\n<meta property=\"og:title\" content=\"Rreth Nesh - Ainvest\" \/>\n<meta property=\"og:description\" content=\"A-invest \u00ebsht\u00eb distributor i p\u00ebrgjithsh\u00ebm i disa markave t\u00eb njohura bot\u00ebrore t\u00eb produkteve ushqimore dhe joushqimore. Gama e pasur dhe e larmishme e markave dhe produkteve k\u00ebrkon nj\u00eb shkall\u00eb t\u00eb lart\u00eb fleksibiliteti, hapje ndaj ndryshimeve t\u00eb vazhdueshme, organizim fleksib\u00ebl dhe investime n\u00eb njer\u00ebz dhe zhvillim t\u00eb mark\u00ebs. Q\u00ebllimi yn\u00eb \u00ebsht\u00eb t\u00eb gjenerojm\u00eb rritje t\u00eb q\u00ebndrueshme [&hellip;]\" \/>\n<meta property=\"og:url\" content=\"https:\/\/ainvest.com.mk\/index.php\/sq\/rreth-nesh\/\" \/>\n<meta property=\"og:site_name\" content=\"Ainvest\" \/>\n<meta property=\"article:modified_time\" content=\"2023-11-19T23:23:12+00:00\" \/>\n<meta property=\"og:image\" content=\"https:\/\/ainvest.com.mk\/wp-content\/uploads\/2021\/05\/cropped-aaa.png\" \/>\n<meta name=\"twitter:card\" content=\"summary_large_image\" \/>\n<meta name=\"twitter:label1\" content=\"Est. reading time\" \/>\n\t<meta name=\"twitter:data1\" content=\"1 minute\" \/>\n<script type=\"application\/ld+json\" class=\"yoast-schema-graph\">{\"@context\":\"https:\/\/schema.org\",\"@graph\":[{\"@type\":\"WebPage\",\"@id\":\"https:\/\/ainvest.com.mk\/index.php\/sq\/rreth-nesh\/\",\"url\":\"https:\/\/ainvest.com.mk\/index.php\/sq\/rreth-nesh\/\",\"name\":\"Rreth Nesh - Ainvest\",\"isPartOf\":{\"@id\":\"https:\/\/ainvest.com.mk\/#website\"},\"datePublished\":\"2021-05-22T21:19:14+00:00\",\"dateModified\":\"2023-11-19T23:23:12+00:00\",\"breadcrumb\":{\"@id\":\"https:\/\/ainvest.com.mk\/index.php\/sq\/rreth-nesh\/#breadcrumb\"},\"inLanguage\":\"en-US\",\"potentialAction\":[{\"@type\":\"ReadAction\",\"target\":[\"https:\/\/ainvest.com.mk\/index.php\/sq\/rreth-nesh\/\"]}]},{\"@type\":\"BreadcrumbList\",\"@id\":\"https:\/\/ainvest.com.mk\/index.php\/sq\/rreth-nesh\/#breadcrumb\",\"itemListElement\":[{\"@type\":\"ListItem\",\"position\":1,\"name\":\"Home\",\"item\":\"https:\/\/ainvest.com.mk\/\"},{\"@type\":\"ListItem\",\"position\":2,\"name\":\"Rreth Nesh\"}]},{\"@type\":\"WebSite\",\"@id\":\"https:\/\/ainvest.com.mk\/#website\",\"url\":\"https:\/\/ainvest.com.mk\/\",\"name\":\"Ainvest\",\"description\":\"\u0434\u0438\u0441\u0442\u0440\u0438\u0431\u0443\u0446\u0438\u0458\u0430, \u043b\u043e\u0433\u0438\u0441\u0442\u0438\u043a\u0430 \u0438 \u0431\u0440\u0435\u043d\u0434 \u043c\u0435\u043d\u0430\u045f\u043c\u0435\u043d\u0442\",\"publisher\":{\"@id\":\"https:\/\/ainvest.com.mk\/#organization\"},\"potentialAction\":[{\"@type\":\"SearchAction\",\"target\":{\"@type\":\"EntryPoint\",\"urlTemplate\":\"https:\/\/ainvest.com.mk\/?s={search_term_string}\"},\"query-input\":\"required name=search_term_string\"}],\"inLanguage\":\"en-US\"},{\"@type\":\"Organization\",\"@id\":\"https:\/\/ainvest.com.mk\/#organization\",\"name\":\"Ainvest\",\"url\":\"https:\/\/ainvest.com.mk\/\",\"logo\":{\"@type\":\"ImageObject\",\"inLanguage\":\"en-US\",\"@id\":\"https:\/\/ainvest.com.mk\/#\/schema\/logo\/image\/\",\"url\":\"https:\/\/ainvest.com.mk\/wp-content\/uploads\/2021\/06\/Logo.png\",\"contentUrl\":\"https:\/\/ainvest.com.mk\/wp-content\/uploads\/2021\/06\/Logo.png\",\"width\":165,\"height\":45,\"caption\":\"Ainvest\"},\"image\":{\"@id\":\"https:\/\/ainvest.com.mk\/#\/schema\/logo\/image\/\"}}]}<\/script>\n<!-- \/ Yoast SEO plugin. -->","yoast_head_json":{"title":"Rreth Nesh - Ainvest","robots":{"index":"index","follow":"follow","max-snippet":"max-snippet:-1","max-image-preview":"max-image-preview:large","max-video-preview":"max-video-preview:-1"},"canonical":"https:\/\/ainvest.com.mk\/index.php\/sq\/rreth-nesh\/","og_locale":"en_US","og_type":"article","og_title":"Rreth Nesh - Ainvest","og_description":"A-invest \u00ebsht\u00eb distributor i p\u00ebrgjithsh\u00ebm i disa markave t\u00eb njohura bot\u00ebrore t\u00eb produkteve ushqimore dhe joushqimore. Gama e pasur dhe e larmishme e markave dhe produkteve k\u00ebrkon nj\u00eb shkall\u00eb t\u00eb lart\u00eb fleksibiliteti, hapje ndaj ndryshimeve t\u00eb vazhdueshme, organizim fleksib\u00ebl dhe investime n\u00eb njer\u00ebz dhe zhvillim t\u00eb mark\u00ebs. Q\u00ebllimi yn\u00eb \u00ebsht\u00eb t\u00eb gjenerojm\u00eb rritje t\u00eb q\u00ebndrueshme [&hellip;]","og_url":"https:\/\/ainvest.com.mk\/index.php\/sq\/rreth-nesh\/","og_site_name":"Ainvest","article_modified_time":"2023-11-19T23:23:12+00:00","og_image":[{"url":"https:\/\/ainvest.com.mk\/wp-content\/uploads\/2021\/05\/cropped-aaa.png"}],"twitter_card":"summary_large_image","twitter_misc":{"Est. reading time":"1 minute"},"schema":{"@context":"https:\/\/schema.org","@graph":[{"@type":"WebPage","@id":"https:\/\/ainvest.com.mk\/index.php\/sq\/rreth-nesh\/","url":"https:\/\/ainvest.com.mk\/index.php\/sq\/rreth-nesh\/","name":"Rreth Nesh - Ainvest","isPartOf":{"@id":"https:\/\/ainvest.com.mk\/#website"},"datePublished":"2021-05-22T21:19:14+00:00","dateModified":"2023-11-19T23:23:12+00:00","breadcrumb":{"@id":"https:\/\/ainvest.com.mk\/index.php\/sq\/rreth-nesh\/#breadcrumb"},"inLanguage":"en-US","potentialAction":[{"@type":"ReadAction","target":["https:\/\/ainvest.com.mk\/index.php\/sq\/rreth-nesh\/"]}]},{"@type":"BreadcrumbList","@id":"https:\/\/ainvest.com.mk\/index.php\/sq\/rreth-nesh\/#breadcrumb","itemListElement":[{"@type":"ListItem","position":1,"name":"Home","item":"https:\/\/ainvest.com.mk\/"},{"@type":"ListItem","position":2,"name":"Rreth Nesh"}]},{"@type":"WebSite","@id":"https:\/\/ainvest.com.mk\/#website","url":"https:\/\/ainvest.com.mk\/","name":"Ainvest","description":"\u0434\u0438\u0441\u0442\u0440\u0438\u0431\u0443\u0446\u0438\u0458\u0430, \u043b\u043e\u0433\u0438\u0441\u0442\u0438\u043a\u0430 \u0438 \u0431\u0440\u0435\u043d\u0434 \u043c\u0435\u043d\u0430\u045f\u043c\u0435\u043d\u0442","publisher":{"@id":"https:\/\/ainvest.com.mk\/#organization"},"potentialAction":[{"@type":"SearchAction","target":{"@type":"EntryPoint","urlTemplate":"https:\/\/ainvest.com.mk\/?s={search_term_string}"},"query-input":"required name=search_term_string"}],"inLanguage":"en-US"},{"@type":"Organization","@id":"https:\/\/ainvest.com.mk\/#organization","name":"Ainvest","url":"https:\/\/ainvest.com.mk\/","logo":{"@type":"ImageObject","inLanguage":"en-US","@id":"https:\/\/ainvest.com.mk\/#\/schema\/logo\/image\/","url":"https:\/\/ainvest.com.mk\/wp-content\/uploads\/2021\/06\/Logo.png","contentUrl":"https:\/\/ainvest.com.mk\/wp-content\/uploads\/2021\/06\/Logo.png","width":165,"height":45,"caption":"Ainvest"},"image":{"@id":"https:\/\/ainvest.com.mk\/#\/schema\/logo\/image\/"}}]}},"_links":{"self":[{"href":"https:\/\/ainvest.com.mk\/index.php\/wp-json\/wp\/v2\/pages\/1129","targetHints":{"allow":["GET"]}}],"collection":[{"href":"https:\/\/ainvest.com.mk\/index.php\/wp-json\/wp\/v2\/pages"}],"about":[{"href":"https:\/\/ainvest.com.mk\/index.php\/wp-json\/wp\/v2\/types\/page"}],"author":[{"embeddable":true,"href":"https:\/\/ainvest.com.mk\/index.php\/wp-json\/wp\/v2\/users\/1"}],"replies":[{"embeddable":true,"href":"https:\/\/ainvest.com.mk\/index.php\/wp-json\/wp\/v2\/comments?post=1129"}],"version-history":[{"count":25,"href":"https:\/\/ainvest.com.mk\/index.php\/wp-json\/wp\/v2\/pages\/1129\/revisions"}],"predecessor-version":[{"id":1398,"href":"https:\/\/ainvest.com.mk\/index.php\/wp-json\/wp\/v2\/pages\/1129\/revisions\/1398"}],"wp:attachment":[{"href":"https:\/\/ainvest.com.mk\/index.php\/wp-json\/wp\/v2\/media?parent=1129"}],"curies":[{"name":"wp","href":"https:\/\/api.w.org\/{rel}","templated":true}]}}